{"id":569,"date":"2016-06-08T23:09:07","date_gmt":"2016-06-08T23:09:07","guid":{"rendered":"http:\/\/www.serkatarim.com.tr\/?page_id=569"},"modified":"2023-01-24T16:54:06","modified_gmt":"2023-01-24T13:54:06","slug":"product-shipping","status":"publish","type":"page","link":"https:\/\/www.serkatarim.com.tr\/en\/services\/product-shipping\/","title":{"rendered":"PRODUCT SHIPPING"},"content":{"rendered":"[column size=&#8221;1\/2&#8243;]\n<p><img decoding=\"async\" loading=\"lazy\" class=\"alignnone size-full wp-image-573\" src=\"http:\/\/www.serkatarim.com.tr\/wp-content\/uploads\/2016\/06\/urun-sevkiyati.jpg\" alt=\"urun-sevkiyati\" width=\"700\" height=\"199\" srcset=\"https:\/\/www.serkatarim.com.tr\/en\/wp-content\/uploads\/2016\/06\/urun-sevkiyati.jpg 700w, https:\/\/www.serkatarim.com.tr\/en\/wp-content\/uploads\/2016\/06\/urun-sevkiyati-300x85.jpg 300w, https:\/\/www.serkatarim.com.tr\/en\/wp-content\/uploads\/2016\/06\/urun-sevkiyati-470x134.jpg 470w\" sizes=\"(max-width: 700px) 100vw, 700px\" \/><\/p>\n[\/column]\n[column size=&#8221;1\/2 last&#8221;]\n<p>Our cereal products, which are analyzed by our experts and sorted according to their qualities and stored in our stores in accordance with their storage conditions; We are making the shipment to all countries with contracted logistics companies in accordance with the orders of our customers.<\/p>\n<p style=\"text-align: right;\"><i class=\"glyphicon glyph kl-icon-white\"><\/i> <a href=\"https:\/\/www.serkatarim.com.tr\/en\/our-products\/\"><strong>OUR PRODUCTS<\/strong><\/a><\/p>\n[\/column]\n","protected":false},"excerpt":{"rendered":"<p>[column size=&#8221;1\/2&#8243;] [\/column] [column size=&#8221;1\/2 last&#8221;] Our cereal products, which are analyzed by our experts and sorted according to their qualities and stored in our stores in accordance with their storage conditions; We are making the shipment to all countries with contracted logistics companies in accordance with the orders of our customers. OUR PRODUCTS [\/column]<\/p>\n","protected":false},"author":1,"featured_media":670,"parent":235,"menu_order":0,"comment_status":"closed","ping_status":"closed","template":"","meta":[],"yoast_head":"<!-- This site is optimized with the Yoast SEO plugin v19.14 - https:\/\/yoast.com\/wordpress\/plugins\/seo\/ -->\n<title>PRODUCT SHIPPING - SERKA Agricultural Products<\/title>\n<meta name=\"description\" content=\"Hububat \u00fcr\u00fcnlerimizin; m\u00fc\u015fterilerimizin sipari\u015fleri do\u011frultusunda, anla\u015fmal\u0131 lojistik firmalar\u0131 ile t\u00fcm T\u00fcrkiye\u2019ye sevkiyat\u0131n\u0131 yapmaktay\u0131z.\" \/>\n<meta name=\"robots\" content=\"index, follow, max-snippet:-1, max-image-preview:large, max-video-preview:-1\" \/>\n<link rel=\"canonical\" href=\"https:\/\/www.serkatarim.com.tr\/en\/services\/product-shipping\/\" \/>\n<meta property=\"og:locale\" content=\"tr_TR\" \/>\n<meta property=\"og:type\" content=\"article\" \/>\n<meta property=\"og:title\" content=\"PRODUCT SHIPPING - SERKA Agricultural Products\" \/>\n<meta property=\"og:description\" content=\"Hububat \u00fcr\u00fcnlerimizin; m\u00fc\u015fterilerimizin sipari\u015fleri do\u011frultusunda, anla\u015fmal\u0131 lojistik firmalar\u0131 ile t\u00fcm T\u00fcrkiye\u2019ye sevkiyat\u0131n\u0131 yapmaktay\u0131z.\" \/>\n<meta property=\"og:url\" content=\"https:\/\/www.serkatarim.com.tr\/en\/services\/product-shipping\/\" \/>\n<meta property=\"og:site_name\" content=\"SERKA Agricultural Products\" \/>\n<meta property=\"article:publisher\" content=\"https:\/\/www.facebook.com\/serkatarim\" \/>\n<meta property=\"article:modified_time\" content=\"2023-01-24T13:54:06+00:00\" \/>\n<meta property=\"og:image\" content=\"https:\/\/www.serkatarim.com.tr\/en\/wp-content\/uploads\/2016\/06\/urun-sevkiyati_.jpg\" \/>\n\t<meta property=\"og:image:width\" content=\"1020\" \/>\n\t<meta property=\"og:image:height\" content=\"290\" \/>\n\t<meta property=\"og:image:type\" content=\"image\/jpeg\" \/>\n<meta name=\"twitter:card\" content=\"summary_large_image\" \/>\n<meta name=\"twitter:site\" content=\"@serkatarim\" \/>\n<script type=\"application\/ld+json\" class=\"yoast-schema-graph\">{\"@context\":\"https:\/\/schema.org\",\"@graph\":[{\"@type\":\"WebPage\",\"@id\":\"https:\/\/www.serkatarim.com.tr\/en\/services\/product-shipping\/\",\"url\":\"https:\/\/www.serkatarim.com.tr\/en\/services\/product-shipping\/\",\"name\":\"PRODUCT SHIPPING - SERKA Agricultural Products\",\"isPartOf\":{\"@id\":\"https:\/\/www.serkatarim.com.tr\/en\/#website\"},\"datePublished\":\"2016-06-08T23:09:07+00:00\",\"dateModified\":\"2023-01-24T13:54:06+00:00\",\"description\":\"Hububat \u00fcr\u00fcnlerimizin; m\u00fc\u015fterilerimizin sipari\u015fleri do\u011frultusunda, anla\u015fmal\u0131 lojistik firmalar\u0131 ile t\u00fcm T\u00fcrkiye\u2019ye sevkiyat\u0131n\u0131 yapmaktay\u0131z.\",\"breadcrumb\":{\"@id\":\"https:\/\/www.serkatarim.com.tr\/en\/services\/product-shipping\/#breadcrumb\"},\"inLanguage\":\"tr\",\"potentialAction\":[{\"@type\":\"ReadAction\",\"target\":[\"https:\/\/www.serkatarim.com.tr\/en\/services\/product-shipping\/\"]}]},{\"@type\":\"BreadcrumbList\",\"@id\":\"https:\/\/www.serkatarim.com.tr\/en\/services\/product-shipping\/#breadcrumb\",\"itemListElement\":[{\"@type\":\"ListItem\",\"position\":1,\"name\":\"Ana sayfa\",\"item\":\"https:\/\/www.serkatarim.com.tr\/en\/\"},{\"@type\":\"ListItem\",\"position\":2,\"name\":\"SERVICES\",\"item\":\"https:\/\/www.serkatarim.com.tr\/en\/services\/\"},{\"@type\":\"ListItem\",\"position\":3,\"name\":\"PRODUCT SHIPPING\"}]},{\"@type\":\"WebSite\",\"@id\":\"https:\/\/www.serkatarim.com.tr\/en\/#website\",\"url\":\"https:\/\/www.serkatarim.com.tr\/en\/\",\"name\":\"SERKA Agricultural Products\",\"description\":\"Wheat, Barley, Sunflower, Grain Corn Wholesale Trade\",\"potentialAction\":[{\"@type\":\"SearchAction\",\"target\":{\"@type\":\"EntryPoint\",\"urlTemplate\":\"https:\/\/www.serkatarim.com.tr\/en\/?s={search_term_string}\"},\"query-input\":\"required name=search_term_string\"}],\"inLanguage\":\"tr\"}]}<\/script>\n<!-- \/ Yoast SEO plugin. -->","yoast_head_json":{"title":"PRODUCT SHIPPING - SERKA Agricultural Products","description":"Hububat \u00fcr\u00fcnlerimizin; m\u00fc\u015fterilerimizin sipari\u015fleri do\u011frultusunda, anla\u015fmal\u0131 lojistik firmalar\u0131 ile t\u00fcm T\u00fcrkiye\u2019ye sevkiyat\u0131n\u0131 yapmaktay\u0131z.","robots":{"index":"index","follow":"follow","max-snippet":"max-snippet:-1","max-image-preview":"max-image-preview:large","max-video-preview":"max-video-preview:-1"},"canonical":"https:\/\/www.serkatarim.com.tr\/en\/services\/product-shipping\/","og_locale":"tr_TR","og_type":"article","og_title":"PRODUCT SHIPPING - SERKA Agricultural Products","og_description":"Hububat \u00fcr\u00fcnlerimizin; m\u00fc\u015fterilerimizin sipari\u015fleri do\u011frultusunda, anla\u015fmal\u0131 lojistik firmalar\u0131 ile t\u00fcm T\u00fcrkiye\u2019ye sevkiyat\u0131n\u0131 yapmaktay\u0131z.","og_url":"https:\/\/www.serkatarim.com.tr\/en\/services\/product-shipping\/","og_site_name":"SERKA Agricultural Products","article_publisher":"https:\/\/www.facebook.com\/serkatarim","article_modified_time":"2023-01-24T13:54:06+00:00","og_image":[{"width":1020,"height":290,"url":"https:\/\/www.serkatarim.com.tr\/en\/wp-content\/uploads\/2016\/06\/urun-sevkiyati_.jpg","type":"image\/jpeg"}],"twitter_card":"summary_large_image","twitter_site":"@serkatarim","schema":{"@context":"https:\/\/schema.org","@graph":[{"@type":"WebPage","@id":"https:\/\/www.serkatarim.com.tr\/en\/services\/product-shipping\/","url":"https:\/\/www.serkatarim.com.tr\/en\/services\/product-shipping\/","name":"PRODUCT SHIPPING - SERKA Agricultural Products","isPartOf":{"@id":"https:\/\/www.serkatarim.com.tr\/en\/#website"},"datePublished":"2016-06-08T23:09:07+00:00","dateModified":"2023-01-24T13:54:06+00:00","description":"Hububat \u00fcr\u00fcnlerimizin; m\u00fc\u015fterilerimizin sipari\u015fleri do\u011frultusunda, anla\u015fmal\u0131 lojistik firmalar\u0131 ile t\u00fcm T\u00fcrkiye\u2019ye sevkiyat\u0131n\u0131 yapmaktay\u0131z.","breadcrumb":{"@id":"https:\/\/www.serkatarim.com.tr\/en\/services\/product-shipping\/#breadcrumb"},"inLanguage":"tr","potentialAction":[{"@type":"ReadAction","target":["https:\/\/www.serkatarim.com.tr\/en\/services\/product-shipping\/"]}]},{"@type":"BreadcrumbList","@id":"https:\/\/www.serkatarim.com.tr\/en\/services\/product-shipping\/#breadcrumb","itemListElement":[{"@type":"ListItem","position":1,"name":"Ana sayfa","item":"https:\/\/www.serkatarim.com.tr\/en\/"},{"@type":"ListItem","position":2,"name":"SERVICES","item":"https:\/\/www.serkatarim.com.tr\/en\/services\/"},{"@type":"ListItem","position":3,"name":"PRODUCT SHIPPING"}]},{"@type":"WebSite","@id":"https:\/\/www.serkatarim.com.tr\/en\/#website","url":"https:\/\/www.serkatarim.com.tr\/en\/","name":"SERKA Agricultural Products","description":"Wheat, Barley, Sunflower, Grain Corn Wholesale Trade","potentialAction":[{"@type":"SearchAction","target":{"@type":"EntryPoint","urlTemplate":"https:\/\/www.serkatarim.com.tr\/en\/?s={search_term_string}"},"query-input":"required name=search_term_string"}],"inLanguage":"tr"}]}},"_links":{"self":[{"href":"https:\/\/www.serkatarim.com.tr\/en\/wp-json\/wp\/v2\/pages\/569"}],"collection":[{"href":"https:\/\/www.serkatarim.com.tr\/en\/wp-json\/wp\/v2\/pages"}],"about":[{"href":"https:\/\/www.serkatarim.com.tr\/en\/wp-json\/wp\/v2\/types\/page"}],"author":[{"embeddable":true,"href":"https:\/\/www.serkatarim.com.tr\/en\/wp-json\/wp\/v2\/users\/1"}],"replies":[{"embeddable":true,"href":"https:\/\/www.serkatarim.com.tr\/en\/wp-json\/wp\/v2\/comments?post=569"}],"version-history":[{"count":0,"href":"https:\/\/www.serkatarim.com.tr\/en\/wp-json\/wp\/v2\/pages\/569\/revisions"}],"up":[{"embeddable":true,"href":"https:\/\/www.serkatarim.com.tr\/en\/wp-json\/wp\/v2\/pages\/235"}],"wp:featuredmedia":[{"embeddable":true,"href":"https:\/\/www.serkatarim.com.tr\/en\/wp-json\/wp\/v2\/media\/670"}],"wp:attachment":[{"href":"https:\/\/www.serkatarim.com.tr\/en\/wp-json\/wp\/v2\/media?parent=569"}],"curies":[{"name":"wp","href":"https:\/\/api.w.org\/{rel}","templated":true}]}}