{"id":524,"date":"2016-06-08T17:13:17","date_gmt":"2016-06-08T17:13:17","guid":{"rendered":"http:\/\/www.serkatarim.com.tr\/?page_id=524"},"modified":"2023-01-24T17:00:47","modified_gmt":"2023-01-24T14:00:47","slug":"product-storage","status":"publish","type":"page","link":"https:\/\/www.serkatarim.com.tr\/en\/services\/product-storage\/","title":{"rendered":"PRODUCT STORAGE"},"content":{"rendered":"[column size=&#8221;1\/2&#8243;]\n<p><img decoding=\"async\" loading=\"lazy\" class=\"alignnone size-full wp-image-538\" src=\"http:\/\/www.serkatarim.com.tr\/wp-content\/uploads\/2016\/06\/muhafaza00008.jpg\" alt=\"muhafaza00008\" width=\"700\" height=\"199\" srcset=\"https:\/\/www.serkatarim.com.tr\/en\/wp-content\/uploads\/2016\/06\/muhafaza00008.jpg 700w, https:\/\/www.serkatarim.com.tr\/en\/wp-content\/uploads\/2016\/06\/muhafaza00008-300x85.jpg 300w, https:\/\/www.serkatarim.com.tr\/en\/wp-content\/uploads\/2016\/06\/muhafaza00008-470x134.jpg 470w\" sizes=\"(max-width: 700px) 100vw, 700px\" \/><\/p>\n[\/column]\n[column size=&#8221;1\/2 last&#8221;]\n<p>We keep the product quality at the highest level by completing the analyzes and quality control procedures of all the products that we supply or sell, in our fully equipped laboratories. We keep all products that have finished buying &#038; selling in our warehouses carefully and we ship to all countries in accordance with the expectations of our customers.<\/p>\n<p style=\"text-align: right;\"><i class=\"glyphicon glyph kl-icon-white\"><\/i> <a href=\"https:\/\/www.serkatarim.com.tr\/en\/products\/\"><strong>OUR PRODUCTS<\/strong><\/a><\/p>\n[\/column]\n","protected":false},"excerpt":{"rendered":"<p>[column size=&#8221;1\/2&#8243;] [\/column] [column size=&#8221;1\/2 last&#8221;] We keep the product quality at the highest level by completing the analyzes and quality control procedures of all the products that we supply or sell, in our fully equipped laboratories. We keep all products that have finished buying &#038; selling in our warehouses carefully and we ship to<\/p>\n","protected":false},"author":1,"featured_media":526,"parent":235,"menu_order":0,"comment_status":"closed","ping_status":"closed","template":"","meta":[],"yoast_head":"<!-- This site is optimized with the Yoast SEO plugin v19.14 - https:\/\/yoast.com\/wordpress\/plugins\/seo\/ -->\n<title>PRODUCT STORAGE - SERKA Agricultural Products<\/title>\n<meta name=\"description\" content=\"Sat\u0131\u015f\u0131n\u0131 yapt\u0131\u011f\u0131m\u0131z hububat \u00fcr\u00fcnlerimiz, kalitelerine g\u00f6re ayr\u0131lmakta ve saklama ko\u015fullar\u0131na uygun bi\u00e7imde, kargil depolar\u0131m\u0131zda muhafaza edilmektedir.\" \/>\n<meta name=\"robots\" content=\"index, follow, max-snippet:-1, max-image-preview:large, max-video-preview:-1\" \/>\n<link rel=\"canonical\" href=\"https:\/\/www.serkatarim.com.tr\/en\/services\/product-storage\/\" \/>\n<meta property=\"og:locale\" content=\"tr_TR\" \/>\n<meta property=\"og:type\" content=\"article\" \/>\n<meta property=\"og:title\" content=\"PRODUCT STORAGE - SERKA Agricultural Products\" \/>\n<meta property=\"og:description\" content=\"Sat\u0131\u015f\u0131n\u0131 yapt\u0131\u011f\u0131m\u0131z hububat \u00fcr\u00fcnlerimiz, kalitelerine g\u00f6re ayr\u0131lmakta ve saklama ko\u015fullar\u0131na uygun bi\u00e7imde, kargil depolar\u0131m\u0131zda muhafaza edilmektedir.\" \/>\n<meta property=\"og:url\" content=\"https:\/\/www.serkatarim.com.tr\/en\/services\/product-storage\/\" \/>\n<meta property=\"og:site_name\" content=\"SERKA Agricultural Products\" \/>\n<meta property=\"article:publisher\" content=\"https:\/\/www.facebook.com\/serkatarim\" \/>\n<meta property=\"article:modified_time\" content=\"2023-01-24T14:00:47+00:00\" \/>\n<meta property=\"og:image\" content=\"https:\/\/www.serkatarim.com.tr\/en\/wp-content\/uploads\/2016\/06\/muhafaza008.jpg\" \/>\n\t<meta property=\"og:image:width\" content=\"800\" \/>\n\t<meta property=\"og:image:height\" content=\"600\" \/>\n\t<meta property=\"og:image:type\" content=\"image\/jpeg\" \/>\n<meta name=\"twitter:card\" content=\"summary_large_image\" \/>\n<meta name=\"twitter:site\" content=\"@serkatarim\" \/>\n<script type=\"application\/ld+json\" class=\"yoast-schema-graph\">{\"@context\":\"https:\/\/schema.org\",\"@graph\":[{\"@type\":\"WebPage\",\"@id\":\"https:\/\/www.serkatarim.com.tr\/en\/services\/product-storage\/\",\"url\":\"https:\/\/www.serkatarim.com.tr\/en\/services\/product-storage\/\",\"name\":\"PRODUCT STORAGE - SERKA Agricultural Products\",\"isPartOf\":{\"@id\":\"https:\/\/www.serkatarim.com.tr\/en\/#website\"},\"datePublished\":\"2016-06-08T17:13:17+00:00\",\"dateModified\":\"2023-01-24T14:00:47+00:00\",\"description\":\"Sat\u0131\u015f\u0131n\u0131 yapt\u0131\u011f\u0131m\u0131z hububat \u00fcr\u00fcnlerimiz, kalitelerine g\u00f6re ayr\u0131lmakta ve saklama ko\u015fullar\u0131na uygun bi\u00e7imde, kargil depolar\u0131m\u0131zda muhafaza edilmektedir.\",\"breadcrumb\":{\"@id\":\"https:\/\/www.serkatarim.com.tr\/en\/services\/product-storage\/#breadcrumb\"},\"inLanguage\":\"tr\",\"potentialAction\":[{\"@type\":\"ReadAction\",\"target\":[\"https:\/\/www.serkatarim.com.tr\/en\/services\/product-storage\/\"]}]},{\"@type\":\"BreadcrumbList\",\"@id\":\"https:\/\/www.serkatarim.com.tr\/en\/services\/product-storage\/#breadcrumb\",\"itemListElement\":[{\"@type\":\"ListItem\",\"position\":1,\"name\":\"Ana sayfa\",\"item\":\"https:\/\/www.serkatarim.com.tr\/en\/\"},{\"@type\":\"ListItem\",\"position\":2,\"name\":\"SERVICES\",\"item\":\"https:\/\/www.serkatarim.com.tr\/en\/services\/\"},{\"@type\":\"ListItem\",\"position\":3,\"name\":\"PRODUCT STORAGE\"}]},{\"@type\":\"WebSite\",\"@id\":\"https:\/\/www.serkatarim.com.tr\/en\/#website\",\"url\":\"https:\/\/www.serkatarim.com.tr\/en\/\",\"name\":\"SERKA Agricultural Products\",\"description\":\"Wheat, Barley, Sunflower, Grain Corn Wholesale Trade\",\"potentialAction\":[{\"@type\":\"SearchAction\",\"target\":{\"@type\":\"EntryPoint\",\"urlTemplate\":\"https:\/\/www.serkatarim.com.tr\/en\/?s={search_term_string}\"},\"query-input\":\"required name=search_term_string\"}],\"inLanguage\":\"tr\"}]}<\/script>\n<!-- \/ Yoast SEO plugin. -->","yoast_head_json":{"title":"PRODUCT STORAGE - SERKA Agricultural Products","description":"Sat\u0131\u015f\u0131n\u0131 yapt\u0131\u011f\u0131m\u0131z hububat \u00fcr\u00fcnlerimiz, kalitelerine g\u00f6re ayr\u0131lmakta ve saklama ko\u015fullar\u0131na uygun bi\u00e7imde, kargil depolar\u0131m\u0131zda muhafaza edilmektedir.","robots":{"index":"index","follow":"follow","max-snippet":"max-snippet:-1","max-image-preview":"max-image-preview:large","max-video-preview":"max-video-preview:-1"},"canonical":"https:\/\/www.serkatarim.com.tr\/en\/services\/product-storage\/","og_locale":"tr_TR","og_type":"article","og_title":"PRODUCT STORAGE - SERKA Agricultural Products","og_description":"Sat\u0131\u015f\u0131n\u0131 yapt\u0131\u011f\u0131m\u0131z hububat \u00fcr\u00fcnlerimiz, kalitelerine g\u00f6re ayr\u0131lmakta ve saklama ko\u015fullar\u0131na uygun bi\u00e7imde, kargil depolar\u0131m\u0131zda muhafaza edilmektedir.","og_url":"https:\/\/www.serkatarim.com.tr\/en\/services\/product-storage\/","og_site_name":"SERKA Agricultural Products","article_publisher":"https:\/\/www.facebook.com\/serkatarim","article_modified_time":"2023-01-24T14:00:47+00:00","og_image":[{"width":800,"height":600,"url":"https:\/\/www.serkatarim.com.tr\/en\/wp-content\/uploads\/2016\/06\/muhafaza008.jpg","type":"image\/jpeg"}],"twitter_card":"summary_large_image","twitter_site":"@serkatarim","schema":{"@context":"https:\/\/schema.org","@graph":[{"@type":"WebPage","@id":"https:\/\/www.serkatarim.com.tr\/en\/services\/product-storage\/","url":"https:\/\/www.serkatarim.com.tr\/en\/services\/product-storage\/","name":"PRODUCT STORAGE - SERKA Agricultural Products","isPartOf":{"@id":"https:\/\/www.serkatarim.com.tr\/en\/#website"},"datePublished":"2016-06-08T17:13:17+00:00","dateModified":"2023-01-24T14:00:47+00:00","description":"Sat\u0131\u015f\u0131n\u0131 yapt\u0131\u011f\u0131m\u0131z hububat \u00fcr\u00fcnlerimiz, kalitelerine g\u00f6re ayr\u0131lmakta ve saklama ko\u015fullar\u0131na uygun bi\u00e7imde, kargil depolar\u0131m\u0131zda muhafaza edilmektedir.","breadcrumb":{"@id":"https:\/\/www.serkatarim.com.tr\/en\/services\/product-storage\/#breadcrumb"},"inLanguage":"tr","potentialAction":[{"@type":"ReadAction","target":["https:\/\/www.serkatarim.com.tr\/en\/services\/product-storage\/"]}]},{"@type":"BreadcrumbList","@id":"https:\/\/www.serkatarim.com.tr\/en\/services\/product-storage\/#breadcrumb","itemListElement":[{"@type":"ListItem","position":1,"name":"Ana sayfa","item":"https:\/\/www.serkatarim.com.tr\/en\/"},{"@type":"ListItem","position":2,"name":"SERVICES","item":"https:\/\/www.serkatarim.com.tr\/en\/services\/"},{"@type":"ListItem","position":3,"name":"PRODUCT STORAGE"}]},{"@type":"WebSite","@id":"https:\/\/www.serkatarim.com.tr\/en\/#website","url":"https:\/\/www.serkatarim.com.tr\/en\/","name":"SERKA Agricultural Products","description":"Wheat, Barley, Sunflower, Grain Corn Wholesale Trade","potentialAction":[{"@type":"SearchAction","target":{"@type":"EntryPoint","urlTemplate":"https:\/\/www.serkatarim.com.tr\/en\/?s={search_term_string}"},"query-input":"required name=search_term_string"}],"inLanguage":"tr"}]}},"_links":{"self":[{"href":"https:\/\/www.serkatarim.com.tr\/en\/wp-json\/wp\/v2\/pages\/524"}],"collection":[{"href":"https:\/\/www.serkatarim.com.tr\/en\/wp-json\/wp\/v2\/pages"}],"about":[{"href":"https:\/\/www.serkatarim.com.tr\/en\/wp-json\/wp\/v2\/types\/page"}],"author":[{"embeddable":true,"href":"https:\/\/www.serkatarim.com.tr\/en\/wp-json\/wp\/v2\/users\/1"}],"replies":[{"embeddable":true,"href":"https:\/\/www.serkatarim.com.tr\/en\/wp-json\/wp\/v2\/comments?post=524"}],"version-history":[{"count":0,"href":"https:\/\/www.serkatarim.com.tr\/en\/wp-json\/wp\/v2\/pages\/524\/revisions"}],"up":[{"embeddable":true,"href":"https:\/\/www.serkatarim.com.tr\/en\/wp-json\/wp\/v2\/pages\/235"}],"wp:featuredmedia":[{"embeddable":true,"href":"https:\/\/www.serkatarim.com.tr\/en\/wp-json\/wp\/v2\/media\/526"}],"wp:attachment":[{"href":"https:\/\/www.serkatarim.com.tr\/en\/wp-json\/wp\/v2\/media?parent=524"}],"curies":[{"name":"wp","href":"https:\/\/api.w.org\/{rel}","templated":true}]}}