{"id":507,"date":"2016-06-08T16:34:23","date_gmt":"2016-06-08T16:34:23","guid":{"rendered":"http:\/\/www.serkatarim.com.tr\/?page_id=507"},"modified":"2023-01-24T16:46:54","modified_gmt":"2023-01-24T13:46:54","slug":"product-buying-and-selling","status":"publish","type":"page","link":"https:\/\/www.serkatarim.com.tr\/en\/services\/product-buying-and-selling\/","title":{"rendered":"PRODUCT BUYING &#038; SELLING"},"content":{"rendered":"[projects columns=&#8221;4&#8243; category=&#8221;urunler&#8221; order=&#8221;random&#8221; scroll=&#8221;5000&#8243; excerpt_length=&#8221;0&#8243;][\/projects]\n<div class=\"box color-gray\">\n<p style=\"text-align: center;\"><strong>You can place an order to buy\u00a0product or you can submit an offer\u00a0to sell product&#8230;<\/strong><\/p>\n<p style=\"text-align: center;\"> <a href=\"\/en\/order-form\" class=\"btn m  \" target=\"\">ORDER FORM<\/a>\u00a0 <a href=\"\/en\/offer-form\" class=\"btn m  \" target=\"\">OFFER FORM<\/a>\n<\/div>\n","protected":false},"excerpt":{"rendered":"<p>[projects columns=&#8221;4&#8243; category=&#8221;urunler&#8221; order=&#8221;random&#8221; scroll=&#8221;5000&#8243; excerpt_length=&#8221;0&#8243;][\/projects] You can place an order to buy\u00a0product or you can submit an offer\u00a0to sell product&#8230; \u00a0<\/p>\n","protected":false},"author":1,"featured_media":669,"parent":235,"menu_order":0,"comment_status":"closed","ping_status":"closed","template":"","meta":[],"yoast_head":"<!-- This site is optimized with the Yoast SEO plugin v19.14 - https:\/\/yoast.com\/wordpress\/plugins\/seo\/ -->\n<title>PRODUCT BUYING &amp; SELLING - SERKA Agricultural Products<\/title>\n<meta name=\"description\" content=\"\u00dcr\u00fcn al\u0131\u015f ve sat\u0131\u015f\u0131n\u0131, hem \u00e7ift\u00e7iden hem borsa kanal\u0131ndan yapmaktay\u0131z. Al\u0131\u015f ve sat\u0131\u015f\u0131n\u0131 yapt\u0131\u011f\u0131m\u0131z \u00fcr\u00fcnler \u015funlard\u0131r; Bu\u011fday, Arpa, M\u0131s\u0131r, Ay\u00e7i\u00e7e\u011fi.\" \/>\n<meta name=\"robots\" content=\"index, follow, max-snippet:-1, max-image-preview:large, max-video-preview:-1\" \/>\n<link rel=\"canonical\" href=\"https:\/\/www.serkatarim.com.tr\/en\/services\/product-buying-and-selling\/\" \/>\n<meta property=\"og:locale\" content=\"tr_TR\" \/>\n<meta property=\"og:type\" content=\"article\" \/>\n<meta property=\"og:title\" content=\"PRODUCT BUYING &amp; SELLING - SERKA Agricultural Products\" \/>\n<meta property=\"og:description\" content=\"\u00dcr\u00fcn al\u0131\u015f ve sat\u0131\u015f\u0131n\u0131, hem \u00e7ift\u00e7iden hem borsa kanal\u0131ndan yapmaktay\u0131z. Al\u0131\u015f ve sat\u0131\u015f\u0131n\u0131 yapt\u0131\u011f\u0131m\u0131z \u00fcr\u00fcnler \u015funlard\u0131r; Bu\u011fday, Arpa, M\u0131s\u0131r, Ay\u00e7i\u00e7e\u011fi.\" \/>\n<meta property=\"og:url\" content=\"https:\/\/www.serkatarim.com.tr\/en\/services\/product-buying-and-selling\/\" \/>\n<meta property=\"og:site_name\" content=\"SERKA Agricultural Products\" \/>\n<meta property=\"article:publisher\" content=\"https:\/\/www.facebook.com\/serkatarim\" \/>\n<meta property=\"article:modified_time\" content=\"2023-01-24T13:46:54+00:00\" \/>\n<meta property=\"og:image\" content=\"https:\/\/www.serkatarim.com.tr\/en\/wp-content\/uploads\/2016\/06\/Untitled-4.png\" \/>\n\t<meta property=\"og:image:width\" content=\"652\" \/>\n\t<meta property=\"og:image:height\" content=\"435\" \/>\n\t<meta property=\"og:image:type\" content=\"image\/png\" \/>\n<meta name=\"twitter:card\" content=\"summary_large_image\" \/>\n<meta name=\"twitter:site\" content=\"@serkatarim\" \/>\n<script type=\"application\/ld+json\" class=\"yoast-schema-graph\">{\"@context\":\"https:\/\/schema.org\",\"@graph\":[{\"@type\":\"WebPage\",\"@id\":\"https:\/\/www.serkatarim.com.tr\/en\/services\/product-buying-and-selling\/\",\"url\":\"https:\/\/www.serkatarim.com.tr\/en\/services\/product-buying-and-selling\/\",\"name\":\"PRODUCT BUYING & SELLING - SERKA Agricultural Products\",\"isPartOf\":{\"@id\":\"https:\/\/www.serkatarim.com.tr\/en\/#website\"},\"datePublished\":\"2016-06-08T16:34:23+00:00\",\"dateModified\":\"2023-01-24T13:46:54+00:00\",\"description\":\"\u00dcr\u00fcn al\u0131\u015f ve sat\u0131\u015f\u0131n\u0131, hem \u00e7ift\u00e7iden hem borsa kanal\u0131ndan yapmaktay\u0131z. Al\u0131\u015f ve sat\u0131\u015f\u0131n\u0131 yapt\u0131\u011f\u0131m\u0131z \u00fcr\u00fcnler \u015funlard\u0131r; Bu\u011fday, Arpa, M\u0131s\u0131r, Ay\u00e7i\u00e7e\u011fi.\",\"breadcrumb\":{\"@id\":\"https:\/\/www.serkatarim.com.tr\/en\/services\/product-buying-and-selling\/#breadcrumb\"},\"inLanguage\":\"tr\",\"potentialAction\":[{\"@type\":\"ReadAction\",\"target\":[\"https:\/\/www.serkatarim.com.tr\/en\/services\/product-buying-and-selling\/\"]}]},{\"@type\":\"BreadcrumbList\",\"@id\":\"https:\/\/www.serkatarim.com.tr\/en\/services\/product-buying-and-selling\/#breadcrumb\",\"itemListElement\":[{\"@type\":\"ListItem\",\"position\":1,\"name\":\"Ana sayfa\",\"item\":\"https:\/\/www.serkatarim.com.tr\/en\/\"},{\"@type\":\"ListItem\",\"position\":2,\"name\":\"SERVICES\",\"item\":\"https:\/\/www.serkatarim.com.tr\/en\/services\/\"},{\"@type\":\"ListItem\",\"position\":3,\"name\":\"PRODUCT BUYING &#038; SELLING\"}]},{\"@type\":\"WebSite\",\"@id\":\"https:\/\/www.serkatarim.com.tr\/en\/#website\",\"url\":\"https:\/\/www.serkatarim.com.tr\/en\/\",\"name\":\"SERKA Agricultural Products\",\"description\":\"Wheat, Barley, Sunflower, Grain Corn Wholesale Trade\",\"potentialAction\":[{\"@type\":\"SearchAction\",\"target\":{\"@type\":\"EntryPoint\",\"urlTemplate\":\"https:\/\/www.serkatarim.com.tr\/en\/?s={search_term_string}\"},\"query-input\":\"required name=search_term_string\"}],\"inLanguage\":\"tr\"}]}<\/script>\n<!-- \/ Yoast SEO plugin. -->","yoast_head_json":{"title":"PRODUCT BUYING & SELLING - SERKA Agricultural Products","description":"\u00dcr\u00fcn al\u0131\u015f ve sat\u0131\u015f\u0131n\u0131, hem \u00e7ift\u00e7iden hem borsa kanal\u0131ndan yapmaktay\u0131z. Al\u0131\u015f ve sat\u0131\u015f\u0131n\u0131 yapt\u0131\u011f\u0131m\u0131z \u00fcr\u00fcnler \u015funlard\u0131r; Bu\u011fday, Arpa, M\u0131s\u0131r, Ay\u00e7i\u00e7e\u011fi.","robots":{"index":"index","follow":"follow","max-snippet":"max-snippet:-1","max-image-preview":"max-image-preview:large","max-video-preview":"max-video-preview:-1"},"canonical":"https:\/\/www.serkatarim.com.tr\/en\/services\/product-buying-and-selling\/","og_locale":"tr_TR","og_type":"article","og_title":"PRODUCT BUYING & SELLING - SERKA Agricultural Products","og_description":"\u00dcr\u00fcn al\u0131\u015f ve sat\u0131\u015f\u0131n\u0131, hem \u00e7ift\u00e7iden hem borsa kanal\u0131ndan yapmaktay\u0131z. Al\u0131\u015f ve sat\u0131\u015f\u0131n\u0131 yapt\u0131\u011f\u0131m\u0131z \u00fcr\u00fcnler \u015funlard\u0131r; Bu\u011fday, Arpa, M\u0131s\u0131r, Ay\u00e7i\u00e7e\u011fi.","og_url":"https:\/\/www.serkatarim.com.tr\/en\/services\/product-buying-and-selling\/","og_site_name":"SERKA Agricultural Products","article_publisher":"https:\/\/www.facebook.com\/serkatarim","article_modified_time":"2023-01-24T13:46:54+00:00","og_image":[{"width":652,"height":435,"url":"https:\/\/www.serkatarim.com.tr\/en\/wp-content\/uploads\/2016\/06\/Untitled-4.png","type":"image\/png"}],"twitter_card":"summary_large_image","twitter_site":"@serkatarim","schema":{"@context":"https:\/\/schema.org","@graph":[{"@type":"WebPage","@id":"https:\/\/www.serkatarim.com.tr\/en\/services\/product-buying-and-selling\/","url":"https:\/\/www.serkatarim.com.tr\/en\/services\/product-buying-and-selling\/","name":"PRODUCT BUYING & SELLING - SERKA Agricultural Products","isPartOf":{"@id":"https:\/\/www.serkatarim.com.tr\/en\/#website"},"datePublished":"2016-06-08T16:34:23+00:00","dateModified":"2023-01-24T13:46:54+00:00","description":"\u00dcr\u00fcn al\u0131\u015f ve sat\u0131\u015f\u0131n\u0131, hem \u00e7ift\u00e7iden hem borsa kanal\u0131ndan yapmaktay\u0131z. Al\u0131\u015f ve sat\u0131\u015f\u0131n\u0131 yapt\u0131\u011f\u0131m\u0131z \u00fcr\u00fcnler \u015funlard\u0131r; Bu\u011fday, Arpa, M\u0131s\u0131r, Ay\u00e7i\u00e7e\u011fi.","breadcrumb":{"@id":"https:\/\/www.serkatarim.com.tr\/en\/services\/product-buying-and-selling\/#breadcrumb"},"inLanguage":"tr","potentialAction":[{"@type":"ReadAction","target":["https:\/\/www.serkatarim.com.tr\/en\/services\/product-buying-and-selling\/"]}]},{"@type":"BreadcrumbList","@id":"https:\/\/www.serkatarim.com.tr\/en\/services\/product-buying-and-selling\/#breadcrumb","itemListElement":[{"@type":"ListItem","position":1,"name":"Ana sayfa","item":"https:\/\/www.serkatarim.com.tr\/en\/"},{"@type":"ListItem","position":2,"name":"SERVICES","item":"https:\/\/www.serkatarim.com.tr\/en\/services\/"},{"@type":"ListItem","position":3,"name":"PRODUCT BUYING &#038; SELLING"}]},{"@type":"WebSite","@id":"https:\/\/www.serkatarim.com.tr\/en\/#website","url":"https:\/\/www.serkatarim.com.tr\/en\/","name":"SERKA Agricultural Products","description":"Wheat, Barley, Sunflower, Grain Corn Wholesale Trade","potentialAction":[{"@type":"SearchAction","target":{"@type":"EntryPoint","urlTemplate":"https:\/\/www.serkatarim.com.tr\/en\/?s={search_term_string}"},"query-input":"required name=search_term_string"}],"inLanguage":"tr"}]}},"_links":{"self":[{"href":"https:\/\/www.serkatarim.com.tr\/en\/wp-json\/wp\/v2\/pages\/507"}],"collection":[{"href":"https:\/\/www.serkatarim.com.tr\/en\/wp-json\/wp\/v2\/pages"}],"about":[{"href":"https:\/\/www.serkatarim.com.tr\/en\/wp-json\/wp\/v2\/types\/page"}],"author":[{"embeddable":true,"href":"https:\/\/www.serkatarim.com.tr\/en\/wp-json\/wp\/v2\/users\/1"}],"replies":[{"embeddable":true,"href":"https:\/\/www.serkatarim.com.tr\/en\/wp-json\/wp\/v2\/comments?post=507"}],"version-history":[{"count":0,"href":"https:\/\/www.serkatarim.com.tr\/en\/wp-json\/wp\/v2\/pages\/507\/revisions"}],"up":[{"embeddable":true,"href":"https:\/\/www.serkatarim.com.tr\/en\/wp-json\/wp\/v2\/pages\/235"}],"wp:featuredmedia":[{"embeddable":true,"href":"https:\/\/www.serkatarim.com.tr\/en\/wp-json\/wp\/v2\/media\/669"}],"wp:attachment":[{"href":"https:\/\/www.serkatarim.com.tr\/en\/wp-json\/wp\/v2\/media?parent=507"}],"curies":[{"name":"wp","href":"https:\/\/api.w.org\/{rel}","templated":true}]}}