{"id":444,"date":"2016-06-08T14:10:59","date_gmt":"2016-06-08T14:10:59","guid":{"rendered":"http:\/\/www.serkatarim.com.tr\/?page_id=444"},"modified":"2018-02-03T22:39:42","modified_gmt":"2018-02-03T19:39:42","slug":"company-info","status":"publish","type":"page","link":"https:\/\/www.serkatarim.com.tr\/en\/corporate\/company-info\/","title":{"rendered":"COMPANY INFO"},"content":{"rendered":"[column size=&#8221;1\/4&#8243;]\n<table style=\"margin-top: 0px;\">\n<tbody>\n<tr>\n<td bgcolor=\"#d5a737\" width=\"604\"><a href=\"https:\/\/www.serkatarim.com.tr\/en\/corporate\/about-us\/\"><span style=\"color: #993300;\"><strong>ABOUT US<\/strong><\/span><\/a><\/td>\n<\/tr>\n<tr>\n<td bgcolor=\"#d5a737\" width=\"604\"><a href=\"https:\/\/www.serkatarim.com.tr\/en\/corporate\/our-mission\/\"><span style=\"color: #993300;\"><strong>OUR MISSION &#038; VISION<\/strong><\/span><\/a><\/td>\n<\/tr>\n<tr>\n<td bgcolor=\"#d5a737\" width=\"604\"><a href=\"https:\/\/www.serkatarim.com.tr\/en\/corporate\/our-targets\/\"><span style=\"color: #993300;\"><strong>OUR TARGETS<\/strong><\/span><\/a><\/td>\n<\/tr>\n<tr>\n<td bgcolor=\"#01733f\" width=\"604\"><a href=\"https:\/\/www.serkatarim.com.tr\/en\/corporate\/company-info\/\"><span style=\"color: #ffffff;\"><strong>COMPANY INFO<\/strong><\/span><\/a><\/td>\n<\/tr>\n<tr>\n<td bgcolor=\"#d5a737\" width=\"604\"><a href=\"https:\/\/www.serkatarim.com.tr\/en\/corporate\/our-news-and-announcements\/\"><span style=\"color: #993300;\"><strong>OUR NEWS AND ANNOUNCEMENTS<\/strong><\/span><\/a><\/td>\n<\/tr>\n<\/tbody>\n<\/table>\n[\/column]\n[column size=&#8221;3\/4 last&#8221;]\n<table style=\"margin-top: 0px;\">\n<tbody>\n<tr>\n<td width=\"95\"><strong>Company Legal Title<\/strong><\/td>\n<td style=\"text-align: center;\" width=\"15\"><strong>:<\/strong><\/td>\n<td width=\"400\">SERKA Tar\u0131m \u00dcr\u00fcnleri Sanayi ve Ticaret Limited \u015eirketi<\/td>\n<\/tr>\n<tr>\n<td><strong>Trade Register Number<\/strong><\/td>\n<td style=\"text-align: center;\"><strong>:<\/strong><\/td>\n<td><\/td>\n<\/tr>\n<tr>\n<td><strong>Address<\/strong><\/td>\n<td style=\"text-align: center;\"><strong>:<\/strong><\/td>\n<td>Umurbey, B\u00fcy\u00fckd\u00f6ll\u00fck Village Road, Edirne Commodity Exchange St. 7 A5\/2<br \/>\nEdirne \/ T\u00fcrkiye<\/td>\n<\/tr>\n<tr>\n<td><strong>Company Manager<\/strong><\/td>\n<td style=\"text-align: center;\"><strong>:<\/strong><\/td>\n<td>\u00a0Kayhan ERDO\u011eAN<\/td>\n<\/tr>\n<\/tbody>\n<\/table>\n[\/column]\n","protected":false},"excerpt":{"rendered":"<p>[column size=&#8221;1\/4&#8243;] ABOUT US OUR MISSION &#038; VISION OUR TARGETS COMPANY INFO OUR NEWS AND ANNOUNCEMENTS [\/column] [column size=&#8221;3\/4 last&#8221;] Company Legal Title : SERKA Tar\u0131m \u00dcr\u00fcnleri Sanayi ve Ticaret Limited \u015eirketi Trade Register Number : Address : Umurbey, B\u00fcy\u00fckd\u00f6ll\u00fck Village Road, Edirne Commodity Exchange St. 7 A5\/2 Edirne \/ T\u00fcrkiye Company Manager : \u00a0Kayhan<\/p>\n","protected":false},"author":1,"featured_media":0,"parent":438,"menu_order":0,"comment_status":"closed","ping_status":"closed","template":"","meta":[],"yoast_head":"<!-- This site is optimized with the Yoast SEO plugin v19.14 - https:\/\/yoast.com\/wordpress\/plugins\/seo\/ -->\n<title>COMPANY INFO - SERKA Agricultural Products<\/title>\n<meta name=\"description\" content=\"You can get more information about our company from this page.\" \/>\n<meta name=\"robots\" content=\"index, follow, max-snippet:-1, max-image-preview:large, max-video-preview:-1\" \/>\n<link rel=\"canonical\" href=\"https:\/\/www.serkatarim.com.tr\/en\/corporate\/company-info\/\" \/>\n<meta property=\"og:locale\" content=\"tr_TR\" \/>\n<meta property=\"og:type\" content=\"article\" \/>\n<meta property=\"og:title\" content=\"COMPANY INFO - SERKA Agricultural Products\" \/>\n<meta property=\"og:description\" content=\"You can get more information about our company from this page.\" \/>\n<meta property=\"og:url\" content=\"https:\/\/www.serkatarim.com.tr\/en\/corporate\/company-info\/\" \/>\n<meta property=\"og:site_name\" content=\"SERKA Agricultural Products\" \/>\n<meta property=\"article:publisher\" content=\"https:\/\/www.facebook.com\/serkatarim\" \/>\n<meta property=\"article:modified_time\" content=\"2018-02-03T19:39:42+00:00\" \/>\n<meta property=\"og:image\" content=\"http:\/\/www.serkatarim.com.tr\/wp-content\/uploads\/2016\/06\/serka-tarim-urunleri_logofooter.png\" \/>\n<meta name=\"twitter:card\" content=\"summary_large_image\" \/>\n<meta name=\"twitter:site\" content=\"@serkatarim\" \/>\n<script type=\"application\/ld+json\" class=\"yoast-schema-graph\">{\"@context\":\"https:\/\/schema.org\",\"@graph\":[{\"@type\":\"WebPage\",\"@id\":\"https:\/\/www.serkatarim.com.tr\/en\/corporate\/company-info\/\",\"url\":\"https:\/\/www.serkatarim.com.tr\/en\/corporate\/company-info\/\",\"name\":\"COMPANY INFO - SERKA Agricultural Products\",\"isPartOf\":{\"@id\":\"https:\/\/www.serkatarim.com.tr\/en\/#website\"},\"datePublished\":\"2016-06-08T14:10:59+00:00\",\"dateModified\":\"2018-02-03T19:39:42+00:00\",\"description\":\"You can get more information about our company from this page.\",\"breadcrumb\":{\"@id\":\"https:\/\/www.serkatarim.com.tr\/en\/corporate\/company-info\/#breadcrumb\"},\"inLanguage\":\"tr\",\"potentialAction\":[{\"@type\":\"ReadAction\",\"target\":[\"https:\/\/www.serkatarim.com.tr\/en\/corporate\/company-info\/\"]}]},{\"@type\":\"BreadcrumbList\",\"@id\":\"https:\/\/www.serkatarim.com.tr\/en\/corporate\/company-info\/#breadcrumb\",\"itemListElement\":[{\"@type\":\"ListItem\",\"position\":1,\"name\":\"Ana sayfa\",\"item\":\"https:\/\/www.serkatarim.com.tr\/en\/\"},{\"@type\":\"ListItem\",\"position\":2,\"name\":\"CORPORATE\",\"item\":\"https:\/\/www.serkatarim.com.tr\/en\/corporate\/\"},{\"@type\":\"ListItem\",\"position\":3,\"name\":\"COMPANY INFO\"}]},{\"@type\":\"WebSite\",\"@id\":\"https:\/\/www.serkatarim.com.tr\/en\/#website\",\"url\":\"https:\/\/www.serkatarim.com.tr\/en\/\",\"name\":\"SERKA Agricultural Products\",\"description\":\"Wheat, Barley, Sunflower, Grain Corn Wholesale Trade\",\"potentialAction\":[{\"@type\":\"SearchAction\",\"target\":{\"@type\":\"EntryPoint\",\"urlTemplate\":\"https:\/\/www.serkatarim.com.tr\/en\/?s={search_term_string}\"},\"query-input\":\"required name=search_term_string\"}],\"inLanguage\":\"tr\"}]}<\/script>\n<!-- \/ Yoast SEO plugin. -->","yoast_head_json":{"title":"COMPANY INFO - SERKA Agricultural Products","description":"You can get more information about our company from this page.","robots":{"index":"index","follow":"follow","max-snippet":"max-snippet:-1","max-image-preview":"max-image-preview:large","max-video-preview":"max-video-preview:-1"},"canonical":"https:\/\/www.serkatarim.com.tr\/en\/corporate\/company-info\/","og_locale":"tr_TR","og_type":"article","og_title":"COMPANY INFO - SERKA Agricultural Products","og_description":"You can get more information about our company from this page.","og_url":"https:\/\/www.serkatarim.com.tr\/en\/corporate\/company-info\/","og_site_name":"SERKA Agricultural Products","article_publisher":"https:\/\/www.facebook.com\/serkatarim","article_modified_time":"2018-02-03T19:39:42+00:00","og_image":[{"url":"http:\/\/www.serkatarim.com.tr\/wp-content\/uploads\/2016\/06\/serka-tarim-urunleri_logofooter.png"}],"twitter_card":"summary_large_image","twitter_site":"@serkatarim","schema":{"@context":"https:\/\/schema.org","@graph":[{"@type":"WebPage","@id":"https:\/\/www.serkatarim.com.tr\/en\/corporate\/company-info\/","url":"https:\/\/www.serkatarim.com.tr\/en\/corporate\/company-info\/","name":"COMPANY INFO - SERKA Agricultural Products","isPartOf":{"@id":"https:\/\/www.serkatarim.com.tr\/en\/#website"},"datePublished":"2016-06-08T14:10:59+00:00","dateModified":"2018-02-03T19:39:42+00:00","description":"You can get more information about our company from this page.","breadcrumb":{"@id":"https:\/\/www.serkatarim.com.tr\/en\/corporate\/company-info\/#breadcrumb"},"inLanguage":"tr","potentialAction":[{"@type":"ReadAction","target":["https:\/\/www.serkatarim.com.tr\/en\/corporate\/company-info\/"]}]},{"@type":"BreadcrumbList","@id":"https:\/\/www.serkatarim.com.tr\/en\/corporate\/company-info\/#breadcrumb","itemListElement":[{"@type":"ListItem","position":1,"name":"Ana sayfa","item":"https:\/\/www.serkatarim.com.tr\/en\/"},{"@type":"ListItem","position":2,"name":"CORPORATE","item":"https:\/\/www.serkatarim.com.tr\/en\/corporate\/"},{"@type":"ListItem","position":3,"name":"COMPANY INFO"}]},{"@type":"WebSite","@id":"https:\/\/www.serkatarim.com.tr\/en\/#website","url":"https:\/\/www.serkatarim.com.tr\/en\/","name":"SERKA Agricultural Products","description":"Wheat, Barley, Sunflower, Grain Corn Wholesale Trade","potentialAction":[{"@type":"SearchAction","target":{"@type":"EntryPoint","urlTemplate":"https:\/\/www.serkatarim.com.tr\/en\/?s={search_term_string}"},"query-input":"required name=search_term_string"}],"inLanguage":"tr"}]}},"_links":{"self":[{"href":"https:\/\/www.serkatarim.com.tr\/en\/wp-json\/wp\/v2\/pages\/444"}],"collection":[{"href":"https:\/\/www.serkatarim.com.tr\/en\/wp-json\/wp\/v2\/pages"}],"about":[{"href":"https:\/\/www.serkatarim.com.tr\/en\/wp-json\/wp\/v2\/types\/page"}],"author":[{"embeddable":true,"href":"https:\/\/www.serkatarim.com.tr\/en\/wp-json\/wp\/v2\/users\/1"}],"replies":[{"embeddable":true,"href":"https:\/\/www.serkatarim.com.tr\/en\/wp-json\/wp\/v2\/comments?post=444"}],"version-history":[{"count":0,"href":"https:\/\/www.serkatarim.com.tr\/en\/wp-json\/wp\/v2\/pages\/444\/revisions"}],"up":[{"embeddable":true,"href":"https:\/\/www.serkatarim.com.tr\/en\/wp-json\/wp\/v2\/pages\/438"}],"wp:attachment":[{"href":"https:\/\/www.serkatarim.com.tr\/en\/wp-json\/wp\/v2\/media?parent=444"}],"curies":[{"name":"wp","href":"https:\/\/api.w.org\/{rel}","templated":true}]}}