{"id":35,"date":"2016-02-17T17:34:43","date_gmt":"2016-02-17T17:34:43","guid":{"rendered":"http:\/\/www.kreasist.com\/tarim\/?page_id=35"},"modified":"2023-01-24T18:06:30","modified_gmt":"2023-01-24T15:06:30","slug":"contact","status":"publish","type":"page","link":"https:\/\/www.serkatarim.com.tr\/en\/contact\/","title":{"rendered":"CONTACT"},"content":{"rendered":"[column size=&#8221;1\/3&#8243;]\n<div class=\"zn_accordion--shortcode acc--default-style panel-group \"><div class=\"acc-group \"><button data-toggle=\"collapse\" data-target=\"#acc69e7722f5becd\" class=\"acc-tgg-button text-custom collapsed \"><span class=\"acc-icon\"><\/span><\/button><div id=\"acc69e7722f5becd\" class=\"acc-panel-collapse collapse \"><div class=\"acc-content\"> [accordion_item title=&#8221;HEAD OFFICE&#8221;]\n<p>Umurbey, B\u00fcy\u00fckd\u00f6ll\u00fck Village Road,<br \/>\nEdirne Commodity Exchange St.\u00a07 A5 \/ 2<br \/>\nEdirne \/ T\u00fcrkiye<\/p>\n<p><small><strong>Phone:<br \/>\n<\/strong>+90 284\u00a0226 86 02<br \/>\n<strong>Fax:<br \/>\n<\/strong>+90 284 226 83\u00a096<br \/>\n<strong>Mail Address:<br \/>\n<\/strong>info@serkatarim.com.tr<br \/>\n<\/small><\/p>\n[\/accordion_item] <\/div><!-- \/.acc-content --><\/div> <\/div><!-- end \/.acc-group --> <\/div><!-- end \/.acc--style -->\n[\/column]\n[column size=&#8221;1\/3&#8243;]\n<div class=\"zn_accordion--shortcode acc--default-style panel-group \"><div class=\"acc-group \"><button data-toggle=\"collapse\" data-target=\"#acc69e7722f5bf94\" class=\"acc-tgg-button text-custom collapsed \"><span class=\"acc-icon\"><\/span><\/button><div id=\"acc69e7722f5bf94\" class=\"acc-panel-collapse collapse \"><div class=\"acc-content\"> [accordion_item title=&#8221;BRANCH OFFICE&#8221;]\n<p>G\u00fcndo\u011fu, Borsa Road No:21\/10<br \/>\nEski\u015fehir Commodity Exchange<br \/>\nOdunpazar\u0131 \/ Eski\u015fehir \/ T\u00fcrkiye<\/p>\n<p><small><strong>Mail Address:<br \/>\n<\/strong>info@serkatarim.com.tr<br \/>\n<strong>Website in Turkish:<br \/>\n<\/strong>www.serkatarim.com.tr<\/small><\/p>\n[\/accordion_item] <\/div><!-- \/.acc-content --><\/div> <\/div><!-- end \/.acc-group --> <\/div><!-- end \/.acc--style -->\n[\/column]\n[column size=&#8221;1\/3 last&#8221;]\n<div class=\"zn_accordion--shortcode acc--default-style panel-group \"><div class=\"acc-group \"><button data-toggle=\"collapse\" data-target=\"#acc69e7722f5c04c\" class=\"acc-tgg-button text-custom collapsed \"><span class=\"acc-icon\"><\/span><\/button><div id=\"acc69e7722f5c04c\" class=\"acc-panel-collapse collapse \"><div class=\"acc-content\"> [accordion_item title=&#8221;CONTACT FORM&#8221;]\n<div class=\"wpcf7 no-js\" id=\"wpcf7-f196-o1\" lang=\"tr-TR\" dir=\"ltr\">\n<div class=\"screen-reader-response\"><p role=\"status\" aria-live=\"polite\" aria-atomic=\"true\"><\/p> <ul><\/ul><\/div>\n<form action=\"\/en\/wp-json\/wp\/v2\/pages\/35#wpcf7-f196-o1\" method=\"post\" class=\"wpcf7-form init\" aria-label=\"Contact form\" novalidate=\"novalidate\" data-status=\"init\">\n<div style=\"display: none;\">\n<input type=\"hidden\" name=\"_wpcf7\" value=\"196\" \/>\n<input type=\"hidden\" name=\"_wpcf7_version\" value=\"5.7.2\" \/>\n<input type=\"hidden\" name=\"_wpcf7_locale\" value=\"tr_TR\" \/>\n<input type=\"hidden\" name=\"_wpcf7_unit_tag\" value=\"wpcf7-f196-o1\" \/>\n<input type=\"hidden\" name=\"_wpcf7_container_post\" value=\"0\" \/>\n<input type=\"hidden\" name=\"_wpcf7_posted_data_hash\" value=\"\" \/>\n<\/div>\n<p>[column size=\"1\/2\"]\n<\/p>\n<p><small><b>YOUR NAME<\/b><\/small>\n<\/p>\n<p><span class=\"wpcf7-form-control-wrap\" data-name=\"adiniz\"><input size=\"40\" class=\"wpcf7-form-control wpcf7-text wpcf7-validates-as-required\" aria-required=\"true\" aria-invalid=\"false\" value=\"\" type=\"text\" name=\"adiniz\" \/><\/span>\n<\/p>\n<p>[\/column]\n<\/p>\n<p>[column size=\"1\/2 last\"]\n<\/p>\n<p><small><b>YOUR SURNAME<\/b><\/small>\n<\/p>\n<p><span class=\"wpcf7-form-control-wrap\" data-name=\"soyadiniz\"><input size=\"40\" class=\"wpcf7-form-control wpcf7-text wpcf7-validates-as-required\" aria-required=\"true\" aria-invalid=\"false\" value=\"\" type=\"text\" name=\"soyadiniz\" \/><\/span>\n<\/p>\n<p>[\/column]\n<\/p>\n<p>[column size=\"1\/2\"]\n<\/p>\n<p><small><b>EMAIL ADDRESS<\/b><\/small>\n<\/p>\n<p><span class=\"wpcf7-form-control-wrap\" data-name=\"eposta\"><input size=\"40\" class=\"wpcf7-form-control wpcf7-text wpcf7-email wpcf7-validates-as-required wpcf7-validates-as-email\" aria-required=\"true\" aria-invalid=\"false\" value=\"\" type=\"email\" name=\"eposta\" \/><\/span>\n<\/p>\n<p>[\/column]\n<\/p>\n<p>[column size=\"1\/2 last\"]\n<\/p>\n<p><small><b>SUBJECT<\/b><\/small>\n<\/p>\n<p><span class=\"wpcf7-form-control-wrap\" data-name=\"konu\"><input size=\"40\" class=\"wpcf7-form-control wpcf7-text\" aria-invalid=\"false\" value=\"\" type=\"text\" name=\"konu\" \/><\/span>\n<\/p>\n<p>[\/column]\n<\/p>\n<p>[column size=\"2\/3\"]\n<\/p>\n<p style=\"margin-top:0px;\"><small><b>YOUR MESSAGE<\/b><\/small>\n<\/p>\n<p><span class=\"wpcf7-form-control-wrap\" data-name=\"mesajiniz\"><textarea cols=\"60\" rows=\"2\" class=\"wpcf7-form-control wpcf7-textarea\" aria-invalid=\"false\" name=\"mesajiniz\"><\/textarea><\/span>\n<\/p>\n<p>[\/column]\n<\/p>\n<p>[column size=\"1\/3 last\"]\n<\/p>\n<p style=\"margin-top:35px;text-align:center;\"><input class=\"wpcf7-form-control has-spinner wpcf7-submit\" type=\"submit\" value=\"SEND\" \/>\n<\/p>\n<p>[\/column]\n<\/p><div class=\"wpcf7-response-output\" aria-hidden=\"true\"><\/div><\/form><\/div>\n[\/accordion_item] <\/div><!-- \/.acc-content --><\/div> <\/div><!-- end \/.acc-group --> <\/div><!-- end \/.acc--style -->\n[\/column]\n<p>&nbsp;<\/p>\n","protected":false},"excerpt":{"rendered":"<p>[column size=&#8221;1\/3&#8243;] [\/column] [column size=&#8221;1\/3&#8243;] [\/column] [column size=&#8221;1\/3 last&#8221;] [\/column] &nbsp;<\/p>\n","protected":false},"author":1,"featured_media":0,"parent":0,"menu_order":0,"comment_status":"closed","ping_status":"closed","template":"","meta":[],"yoast_head":"<!-- This site is optimized with the Yoast SEO plugin v19.14 - https:\/\/yoast.com\/wordpress\/plugins\/seo\/ -->\n<title>CONTACT - SERKA Agricultural Products<\/title>\n<meta name=\"description\" content=\"Contact Info = Head Office - Phone: 0284 2268602 - Fax: 0284 2268396 | Branch Office - Phone: 0532 2427956 | info@serkatarim.com.tr | www.serkatarim.com.tr\" \/>\n<meta name=\"robots\" content=\"index, follow, max-snippet:-1, max-image-preview:large, max-video-preview:-1\" \/>\n<link rel=\"canonical\" href=\"https:\/\/www.serkatarim.com.tr\/en\/contact\/\" \/>\n<meta property=\"og:locale\" content=\"tr_TR\" \/>\n<meta property=\"og:type\" content=\"article\" \/>\n<meta property=\"og:title\" content=\"CONTACT - SERKA Agricultural Products\" \/>\n<meta property=\"og:description\" content=\"Contact Info = Head Office - Phone: 0284 2268602 - Fax: 0284 2268396 | Branch Office - Phone: 0532 2427956 | info@serkatarim.com.tr | www.serkatarim.com.tr\" \/>\n<meta property=\"og:url\" content=\"https:\/\/www.serkatarim.com.tr\/en\/contact\/\" \/>\n<meta property=\"og:site_name\" content=\"SERKA Agricultural Products\" \/>\n<meta property=\"article:publisher\" content=\"https:\/\/www.facebook.com\/serkatarim\" \/>\n<meta property=\"article:modified_time\" content=\"2023-01-24T15:06:30+00:00\" \/>\n<meta property=\"og:image\" content=\"http:\/\/www.serkatarim.com.tr\/wp-content\/uploads\/2016\/06\/serka-tarim-urunleri_logofooter.png\" \/>\n<meta name=\"twitter:card\" content=\"summary_large_image\" \/>\n<meta name=\"twitter:site\" content=\"@serkatarim\" \/>\n<script type=\"application\/ld+json\" class=\"yoast-schema-graph\">{\"@context\":\"https:\/\/schema.org\",\"@graph\":[{\"@type\":\"WebPage\",\"@id\":\"https:\/\/www.serkatarim.com.tr\/en\/contact\/\",\"url\":\"https:\/\/www.serkatarim.com.tr\/en\/contact\/\",\"name\":\"CONTACT - SERKA Agricultural Products\",\"isPartOf\":{\"@id\":\"https:\/\/www.serkatarim.com.tr\/en\/#website\"},\"datePublished\":\"2016-02-17T17:34:43+00:00\",\"dateModified\":\"2023-01-24T15:06:30+00:00\",\"description\":\"Contact Info = Head Office - Phone: 0284 2268602 - Fax: 0284 2268396 | Branch Office - Phone: 0532 2427956 | info@serkatarim.com.tr | www.serkatarim.com.tr\",\"breadcrumb\":{\"@id\":\"https:\/\/www.serkatarim.com.tr\/en\/contact\/#breadcrumb\"},\"inLanguage\":\"tr\",\"potentialAction\":[{\"@type\":\"ReadAction\",\"target\":[\"https:\/\/www.serkatarim.com.tr\/en\/contact\/\"]}]},{\"@type\":\"BreadcrumbList\",\"@id\":\"https:\/\/www.serkatarim.com.tr\/en\/contact\/#breadcrumb\",\"itemListElement\":[{\"@type\":\"ListItem\",\"position\":1,\"name\":\"Ana sayfa\",\"item\":\"https:\/\/www.serkatarim.com.tr\/en\/\"},{\"@type\":\"ListItem\",\"position\":2,\"name\":\"CONTACT\"}]},{\"@type\":\"WebSite\",\"@id\":\"https:\/\/www.serkatarim.com.tr\/en\/#website\",\"url\":\"https:\/\/www.serkatarim.com.tr\/en\/\",\"name\":\"SERKA Agricultural Products\",\"description\":\"Wheat, Barley, Sunflower, Grain Corn Wholesale Trade\",\"potentialAction\":[{\"@type\":\"SearchAction\",\"target\":{\"@type\":\"EntryPoint\",\"urlTemplate\":\"https:\/\/www.serkatarim.com.tr\/en\/?s={search_term_string}\"},\"query-input\":\"required name=search_term_string\"}],\"inLanguage\":\"tr\"}]}<\/script>\n<!-- \/ Yoast SEO plugin. -->","yoast_head_json":{"title":"CONTACT - SERKA Agricultural Products","description":"Contact Info = Head Office - Phone: 0284 2268602 - Fax: 0284 2268396 | Branch Office - Phone: 0532 2427956 | info@serkatarim.com.tr | www.serkatarim.com.tr","robots":{"index":"index","follow":"follow","max-snippet":"max-snippet:-1","max-image-preview":"max-image-preview:large","max-video-preview":"max-video-preview:-1"},"canonical":"https:\/\/www.serkatarim.com.tr\/en\/contact\/","og_locale":"tr_TR","og_type":"article","og_title":"CONTACT - SERKA Agricultural Products","og_description":"Contact Info = Head Office - Phone: 0284 2268602 - Fax: 0284 2268396 | Branch Office - Phone: 0532 2427956 | info@serkatarim.com.tr | www.serkatarim.com.tr","og_url":"https:\/\/www.serkatarim.com.tr\/en\/contact\/","og_site_name":"SERKA Agricultural Products","article_publisher":"https:\/\/www.facebook.com\/serkatarim","article_modified_time":"2023-01-24T15:06:30+00:00","og_image":[{"url":"http:\/\/www.serkatarim.com.tr\/wp-content\/uploads\/2016\/06\/serka-tarim-urunleri_logofooter.png"}],"twitter_card":"summary_large_image","twitter_site":"@serkatarim","schema":{"@context":"https:\/\/schema.org","@graph":[{"@type":"WebPage","@id":"https:\/\/www.serkatarim.com.tr\/en\/contact\/","url":"https:\/\/www.serkatarim.com.tr\/en\/contact\/","name":"CONTACT - SERKA Agricultural Products","isPartOf":{"@id":"https:\/\/www.serkatarim.com.tr\/en\/#website"},"datePublished":"2016-02-17T17:34:43+00:00","dateModified":"2023-01-24T15:06:30+00:00","description":"Contact Info = Head Office - Phone: 0284 2268602 - Fax: 0284 2268396 | Branch Office - Phone: 0532 2427956 | info@serkatarim.com.tr | www.serkatarim.com.tr","breadcrumb":{"@id":"https:\/\/www.serkatarim.com.tr\/en\/contact\/#breadcrumb"},"inLanguage":"tr","potentialAction":[{"@type":"ReadAction","target":["https:\/\/www.serkatarim.com.tr\/en\/contact\/"]}]},{"@type":"BreadcrumbList","@id":"https:\/\/www.serkatarim.com.tr\/en\/contact\/#breadcrumb","itemListElement":[{"@type":"ListItem","position":1,"name":"Ana sayfa","item":"https:\/\/www.serkatarim.com.tr\/en\/"},{"@type":"ListItem","position":2,"name":"CONTACT"}]},{"@type":"WebSite","@id":"https:\/\/www.serkatarim.com.tr\/en\/#website","url":"https:\/\/www.serkatarim.com.tr\/en\/","name":"SERKA Agricultural Products","description":"Wheat, Barley, Sunflower, Grain Corn Wholesale Trade","potentialAction":[{"@type":"SearchAction","target":{"@type":"EntryPoint","urlTemplate":"https:\/\/www.serkatarim.com.tr\/en\/?s={search_term_string}"},"query-input":"required name=search_term_string"}],"inLanguage":"tr"}]}},"_links":{"self":[{"href":"https:\/\/www.serkatarim.com.tr\/en\/wp-json\/wp\/v2\/pages\/35"}],"collection":[{"href":"https:\/\/www.serkatarim.com.tr\/en\/wp-json\/wp\/v2\/pages"}],"about":[{"href":"https:\/\/www.serkatarim.com.tr\/en\/wp-json\/wp\/v2\/types\/page"}],"author":[{"embeddable":true,"href":"https:\/\/www.serkatarim.com.tr\/en\/wp-json\/wp\/v2\/users\/1"}],"replies":[{"embeddable":true,"href":"https:\/\/www.serkatarim.com.tr\/en\/wp-json\/wp\/v2\/comments?post=35"}],"version-history":[{"count":0,"href":"https:\/\/www.serkatarim.com.tr\/en\/wp-json\/wp\/v2\/pages\/35\/revisions"}],"wp:attachment":[{"href":"https:\/\/www.serkatarim.com.tr\/en\/wp-json\/wp\/v2\/media?parent=35"}],"curies":[{"name":"wp","href":"https:\/\/api.w.org\/{rel}","templated":true}]}}