{"id":347,"date":"2016-04-20T13:45:54","date_gmt":"2016-04-20T10:45:54","guid":{"rendered":"http:\/\/www.serkatarim.com.tr\/?page_id=347"},"modified":"2023-01-24T16:38:15","modified_gmt":"2023-01-24T13:38:15","slug":"laboratory-product-analysis","status":"publish","type":"page","link":"https:\/\/www.serkatarim.com.tr\/en\/services\/laboratory-product-analysis\/","title":{"rendered":"PRODUCT ANALYSIS"},"content":{"rendered":"[column size=&#8221;1\/2&#8243;]\n<p><img decoding=\"async\" loading=\"lazy\" class=\"alignnone size-full wp-image-350\" src=\"http:\/\/www.serkatarim.com.tr\/wp-content\/uploads\/2016\/04\/laboratuvar-urun-analizi.jpg\" alt=\"laboratuvar-urun-analizi\" width=\"695\" height=\"521\" srcset=\"https:\/\/www.serkatarim.com.tr\/en\/wp-content\/uploads\/2016\/04\/laboratuvar-urun-analizi.jpg 695w, https:\/\/www.serkatarim.com.tr\/en\/wp-content\/uploads\/2016\/04\/laboratuvar-urun-analizi-300x225.jpg 300w, https:\/\/www.serkatarim.com.tr\/en\/wp-content\/uploads\/2016\/04\/laboratuvar-urun-analizi-470x352.jpg 470w\" sizes=\"(max-width: 695px) 100vw, 695px\" \/><\/p>\n[\/column]\n[column size=&#8221;1\/2 last&#8221;]\n<p>We document the analysis of our cereals products we sell with our fully equipped laboratory results.<\/p>\n<p>We offer our laboratory-approved products for sale and deliver to all countries.<\/p>\n[separator_heading]ANALYSIS PROCEDURES[\/separator_heading]\n<table style=\"margin-top: 10px;\">\n<tbody>\n<tr>\n<td bgcolor=\"#e5e5e5\" width=\"604\"><span style=\"color: #666666;\"><strong>HECTORITURE WEIGHT<\/strong><\/span><\/td>\n<\/tr>\n<tr>\n<td bgcolor=\"#e5e5e5\" width=\"604\"><span style=\"color: #666666;\"><strong>GLUTEN ANALYSIS<\/strong><\/span><\/td>\n<\/tr>\n<tr>\n<td bgcolor=\"#e5e5e5\" width=\"604\"><span style=\"color: #666666;\"><strong>PROTEIN ANALYSIS<\/strong><\/span><\/td>\n<\/tr>\n<tr>\n<td bgcolor=\"#e5e5e5\" width=\"604\"><span style=\"color: #666666;\"><strong>SEDIMENTATION TEST<\/strong><\/span><\/td>\n<\/tr>\n<tr>\n<td bgcolor=\"#e5e5e5\" width=\"604\"><span style=\"color: #666666;\"><strong>SURFACE RATE DETERMINATION<\/strong><\/span><\/td>\n<\/tr>\n<\/tbody>\n<\/table>\n[\/column]\n","protected":false},"excerpt":{"rendered":"<p>[column size=&#8221;1\/2&#8243;] [\/column] [column size=&#8221;1\/2 last&#8221;] We document the analysis of our cereals products we sell with our fully equipped laboratory results. We offer our laboratory-approved products for sale and deliver to all countries. [separator_heading]ANALYSIS PROCEDURES[\/separator_heading] HECTORITURE WEIGHT GLUTEN ANALYSIS PROTEIN ANALYSIS SEDIMENTATION TEST SURFACE RATE DETERMINATION [\/column]<\/p>\n","protected":false},"author":1,"featured_media":350,"parent":235,"menu_order":0,"comment_status":"closed","ping_status":"closed","template":"","meta":[],"yoast_head":"<!-- This site is optimized with the Yoast SEO plugin v19.14 - https:\/\/yoast.com\/wordpress\/plugins\/seo\/ -->\n<title>PRODUCT ANALYSIS - SERKA Agricultural Products<\/title>\n<meta name=\"description\" content=\"Sat\u0131\u015f\u0131n\u0131 yapt\u0131\u011f\u0131m\u0131z hububat \u00fcr\u00fcnlerimizin analizini tam donan\u0131ml\u0131 laboratuvar sonu\u00e7lar\u0131m\u0131zla belgeliyoruz. Laboratuvar onayl\u0131 \u00fcr\u00fcnlerimizi sat\u0131\u015fa sunuyoruz.\" \/>\n<meta name=\"robots\" content=\"index, follow, max-snippet:-1, max-image-preview:large, max-video-preview:-1\" \/>\n<link rel=\"canonical\" href=\"https:\/\/www.serkatarim.com.tr\/en\/services\/laboratory-product-analysis\/\" \/>\n<meta property=\"og:locale\" content=\"tr_TR\" \/>\n<meta property=\"og:type\" content=\"article\" \/>\n<meta property=\"og:title\" content=\"PRODUCT ANALYSIS - SERKA Agricultural Products\" \/>\n<meta property=\"og:description\" content=\"Sat\u0131\u015f\u0131n\u0131 yapt\u0131\u011f\u0131m\u0131z hububat \u00fcr\u00fcnlerimizin analizini tam donan\u0131ml\u0131 laboratuvar sonu\u00e7lar\u0131m\u0131zla belgeliyoruz. Laboratuvar onayl\u0131 \u00fcr\u00fcnlerimizi sat\u0131\u015fa sunuyoruz.\" \/>\n<meta property=\"og:url\" content=\"https:\/\/www.serkatarim.com.tr\/en\/services\/laboratory-product-analysis\/\" \/>\n<meta property=\"og:site_name\" content=\"SERKA Agricultural Products\" \/>\n<meta property=\"article:publisher\" content=\"https:\/\/www.facebook.com\/serkatarim\" \/>\n<meta property=\"article:modified_time\" content=\"2023-01-24T13:38:15+00:00\" \/>\n<meta property=\"og:image\" content=\"https:\/\/www.serkatarim.com.tr\/en\/wp-content\/uploads\/2016\/04\/laboratuvar-urun-analizi.jpg\" \/>\n\t<meta property=\"og:image:width\" content=\"695\" \/>\n\t<meta property=\"og:image:height\" content=\"521\" \/>\n\t<meta property=\"og:image:type\" content=\"image\/jpeg\" \/>\n<meta name=\"twitter:card\" content=\"summary_large_image\" \/>\n<meta name=\"twitter:site\" content=\"@serkatarim\" \/>\n<script type=\"application\/ld+json\" class=\"yoast-schema-graph\">{\"@context\":\"https:\/\/schema.org\",\"@graph\":[{\"@type\":\"WebPage\",\"@id\":\"https:\/\/www.serkatarim.com.tr\/en\/services\/laboratory-product-analysis\/\",\"url\":\"https:\/\/www.serkatarim.com.tr\/en\/services\/laboratory-product-analysis\/\",\"name\":\"PRODUCT ANALYSIS - SERKA Agricultural Products\",\"isPartOf\":{\"@id\":\"https:\/\/www.serkatarim.com.tr\/en\/#website\"},\"datePublished\":\"2016-04-20T10:45:54+00:00\",\"dateModified\":\"2023-01-24T13:38:15+00:00\",\"description\":\"Sat\u0131\u015f\u0131n\u0131 yapt\u0131\u011f\u0131m\u0131z hububat \u00fcr\u00fcnlerimizin analizini tam donan\u0131ml\u0131 laboratuvar sonu\u00e7lar\u0131m\u0131zla belgeliyoruz. Laboratuvar onayl\u0131 \u00fcr\u00fcnlerimizi sat\u0131\u015fa sunuyoruz.\",\"breadcrumb\":{\"@id\":\"https:\/\/www.serkatarim.com.tr\/en\/services\/laboratory-product-analysis\/#breadcrumb\"},\"inLanguage\":\"tr\",\"potentialAction\":[{\"@type\":\"ReadAction\",\"target\":[\"https:\/\/www.serkatarim.com.tr\/en\/services\/laboratory-product-analysis\/\"]}]},{\"@type\":\"BreadcrumbList\",\"@id\":\"https:\/\/www.serkatarim.com.tr\/en\/services\/laboratory-product-analysis\/#breadcrumb\",\"itemListElement\":[{\"@type\":\"ListItem\",\"position\":1,\"name\":\"Ana sayfa\",\"item\":\"https:\/\/www.serkatarim.com.tr\/en\/\"},{\"@type\":\"ListItem\",\"position\":2,\"name\":\"SERVICES\",\"item\":\"https:\/\/www.serkatarim.com.tr\/en\/services\/\"},{\"@type\":\"ListItem\",\"position\":3,\"name\":\"PRODUCT ANALYSIS\"}]},{\"@type\":\"WebSite\",\"@id\":\"https:\/\/www.serkatarim.com.tr\/en\/#website\",\"url\":\"https:\/\/www.serkatarim.com.tr\/en\/\",\"name\":\"SERKA Agricultural Products\",\"description\":\"Wheat, Barley, Sunflower, Grain Corn Wholesale Trade\",\"potentialAction\":[{\"@type\":\"SearchAction\",\"target\":{\"@type\":\"EntryPoint\",\"urlTemplate\":\"https:\/\/www.serkatarim.com.tr\/en\/?s={search_term_string}\"},\"query-input\":\"required name=search_term_string\"}],\"inLanguage\":\"tr\"}]}<\/script>\n<!-- \/ Yoast SEO plugin. -->","yoast_head_json":{"title":"PRODUCT ANALYSIS - SERKA Agricultural Products","description":"Sat\u0131\u015f\u0131n\u0131 yapt\u0131\u011f\u0131m\u0131z hububat \u00fcr\u00fcnlerimizin analizini tam donan\u0131ml\u0131 laboratuvar sonu\u00e7lar\u0131m\u0131zla belgeliyoruz. Laboratuvar onayl\u0131 \u00fcr\u00fcnlerimizi sat\u0131\u015fa sunuyoruz.","robots":{"index":"index","follow":"follow","max-snippet":"max-snippet:-1","max-image-preview":"max-image-preview:large","max-video-preview":"max-video-preview:-1"},"canonical":"https:\/\/www.serkatarim.com.tr\/en\/services\/laboratory-product-analysis\/","og_locale":"tr_TR","og_type":"article","og_title":"PRODUCT ANALYSIS - SERKA Agricultural Products","og_description":"Sat\u0131\u015f\u0131n\u0131 yapt\u0131\u011f\u0131m\u0131z hububat \u00fcr\u00fcnlerimizin analizini tam donan\u0131ml\u0131 laboratuvar sonu\u00e7lar\u0131m\u0131zla belgeliyoruz. Laboratuvar onayl\u0131 \u00fcr\u00fcnlerimizi sat\u0131\u015fa sunuyoruz.","og_url":"https:\/\/www.serkatarim.com.tr\/en\/services\/laboratory-product-analysis\/","og_site_name":"SERKA Agricultural Products","article_publisher":"https:\/\/www.facebook.com\/serkatarim","article_modified_time":"2023-01-24T13:38:15+00:00","og_image":[{"width":695,"height":521,"url":"https:\/\/www.serkatarim.com.tr\/en\/wp-content\/uploads\/2016\/04\/laboratuvar-urun-analizi.jpg","type":"image\/jpeg"}],"twitter_card":"summary_large_image","twitter_site":"@serkatarim","schema":{"@context":"https:\/\/schema.org","@graph":[{"@type":"WebPage","@id":"https:\/\/www.serkatarim.com.tr\/en\/services\/laboratory-product-analysis\/","url":"https:\/\/www.serkatarim.com.tr\/en\/services\/laboratory-product-analysis\/","name":"PRODUCT ANALYSIS - SERKA Agricultural Products","isPartOf":{"@id":"https:\/\/www.serkatarim.com.tr\/en\/#website"},"datePublished":"2016-04-20T10:45:54+00:00","dateModified":"2023-01-24T13:38:15+00:00","description":"Sat\u0131\u015f\u0131n\u0131 yapt\u0131\u011f\u0131m\u0131z hububat \u00fcr\u00fcnlerimizin analizini tam donan\u0131ml\u0131 laboratuvar sonu\u00e7lar\u0131m\u0131zla belgeliyoruz. Laboratuvar onayl\u0131 \u00fcr\u00fcnlerimizi sat\u0131\u015fa sunuyoruz.","breadcrumb":{"@id":"https:\/\/www.serkatarim.com.tr\/en\/services\/laboratory-product-analysis\/#breadcrumb"},"inLanguage":"tr","potentialAction":[{"@type":"ReadAction","target":["https:\/\/www.serkatarim.com.tr\/en\/services\/laboratory-product-analysis\/"]}]},{"@type":"BreadcrumbList","@id":"https:\/\/www.serkatarim.com.tr\/en\/services\/laboratory-product-analysis\/#breadcrumb","itemListElement":[{"@type":"ListItem","position":1,"name":"Ana sayfa","item":"https:\/\/www.serkatarim.com.tr\/en\/"},{"@type":"ListItem","position":2,"name":"SERVICES","item":"https:\/\/www.serkatarim.com.tr\/en\/services\/"},{"@type":"ListItem","position":3,"name":"PRODUCT ANALYSIS"}]},{"@type":"WebSite","@id":"https:\/\/www.serkatarim.com.tr\/en\/#website","url":"https:\/\/www.serkatarim.com.tr\/en\/","name":"SERKA Agricultural Products","description":"Wheat, Barley, Sunflower, Grain Corn Wholesale Trade","potentialAction":[{"@type":"SearchAction","target":{"@type":"EntryPoint","urlTemplate":"https:\/\/www.serkatarim.com.tr\/en\/?s={search_term_string}"},"query-input":"required name=search_term_string"}],"inLanguage":"tr"}]}},"_links":{"self":[{"href":"https:\/\/www.serkatarim.com.tr\/en\/wp-json\/wp\/v2\/pages\/347"}],"collection":[{"href":"https:\/\/www.serkatarim.com.tr\/en\/wp-json\/wp\/v2\/pages"}],"about":[{"href":"https:\/\/www.serkatarim.com.tr\/en\/wp-json\/wp\/v2\/types\/page"}],"author":[{"embeddable":true,"href":"https:\/\/www.serkatarim.com.tr\/en\/wp-json\/wp\/v2\/users\/1"}],"replies":[{"embeddable":true,"href":"https:\/\/www.serkatarim.com.tr\/en\/wp-json\/wp\/v2\/comments?post=347"}],"version-history":[{"count":0,"href":"https:\/\/www.serkatarim.com.tr\/en\/wp-json\/wp\/v2\/pages\/347\/revisions"}],"up":[{"embeddable":true,"href":"https:\/\/www.serkatarim.com.tr\/en\/wp-json\/wp\/v2\/pages\/235"}],"wp:featuredmedia":[{"embeddable":true,"href":"https:\/\/www.serkatarim.com.tr\/en\/wp-json\/wp\/v2\/media\/350"}],"wp:attachment":[{"href":"https:\/\/www.serkatarim.com.tr\/en\/wp-json\/wp\/v2\/media?parent=347"}],"curies":[{"name":"wp","href":"https:\/\/api.w.org\/{rel}","templated":true}]}}