{"id":235,"date":"2016-02-22T17:36:49","date_gmt":"2016-02-22T17:36:49","guid":{"rendered":"http:\/\/www.kreasist.com\/tarim\/?page_id=235"},"modified":"2023-01-24T18:00:43","modified_gmt":"2023-01-24T15:00:43","slug":"services","status":"publish","type":"page","link":"https:\/\/www.serkatarim.com.tr\/en\/services\/","title":{"rendered":"SERVICES"},"content":{"rendered":"<p style=\"text-align: center;\"><strong>As SERKA Agriculture;<\/strong> we serve with our mission to become one of the companies that have been growing in the agriculture sector, our ready-made customer network and the sector is growing rapidly; increasing our market share and trading day by day, we aim to be one of the leading companies in this sector.<\/p>\n<p style=\"text-align: center;\">We are buying and selling products both from farmers and from stock market. We keep the product quality at the highest level by completing the analyzes and quality control procedures of all the products that we supply or sell, in our fully equipped laboratories.<\/p>\n<p style=\"text-align: center;\">We keep all products that have finished buying &amp; selling in our warehouses carefully and we ship to all countries in accordance with the expectations of our customers.<\/p>\n<p>&nbsp;<\/p>\n[column size=&#8221;1\/4&#8243;]\n<p><a href=\"https:\/\/www.serkatarim.com.tr\/en\/services\/product-buying-and-selling\/\"><img decoding=\"async\" loading=\"lazy\" class=\"size-full wp-image-233 aligncenter\" src=\"http:\/\/www.serkatarim.com.tr\/wp-content\/uploads\/2016\/02\/hububat-alimi.jpg\" alt=\"hububat-alimi\" width=\"220\" height=\"144\" \/><\/a><\/p>\n<p><a href=\"https:\/\/www.serkatarim.com.tr\/en\/services\/product-buying-and-selling\/\"><span style=\"color: #d5a837;\"><strong>PRODUCT \/ GRAIN BUYING &amp; SALES<\/strong><\/span><\/a><br \/>\n[divider space_before=&#8221;5&#8243; space_after=&#8221;5&#8243; \/]\nWe are buying cereal products from farmers and the stock market.<\/p>\n[\/column]\n[column size=&#8221;1\/4&#8243;]\n<p><a href=\"https:\/\/www.serkatarim.com.tr\/en\/services\/laboratory-product-analysis\/\"><img decoding=\"async\" loading=\"lazy\" class=\"size-full wp-image-333 aligncenter\" src=\"http:\/\/www.serkatarim.com.tr\/wp-content\/uploads\/2016\/04\/laboratuar_.jpg\" alt=\"laboratuar_\" width=\"220\" height=\"144\" \/><\/a><\/p>\n<p><a href=\"https:\/\/www.serkatarim.com.tr\/en\/services\/laboratory-product-analysis\/\"><span style=\"color: #d5a837;\"><strong>LABORATORY PRODUCT ANALYSIS<\/strong><\/span><\/a><br \/>\n[divider space_before=&#8221;5&#8243; space_after=&#8221;5&#8243; \/]\nWe analyze our products in our fully equipped laboratories.<\/p>\n[\/column]\n[column size=&#8221;1\/4&#8243;]\n<p><a href=\"https:\/\/www.serkatarim.com.tr\/en\/services\/product-storage\/\"><img decoding=\"async\" loading=\"lazy\" class=\"size-full wp-image-232 aligncenter\" src=\"http:\/\/www.serkatarim.com.tr\/wp-content\/uploads\/2016\/02\/img0023.jpg\" alt=\"img0023\" width=\"220\" height=\"144\" \/><\/a><\/p>\n<p><a href=\"https:\/\/www.serkatarim.com.tr\/en\/services\/product-storage\/\"><span style=\"color: #d5a837;\"><strong>PRODUCT STORAGE<\/strong><\/span><\/a><br \/>\n[divider space_before=&#8221;5&#8243; space_after=&#8221;5&#8243; \/]\nWe keep cereal products in our warehouses carefully.<\/p>\n[\/column]\n[column size=&#8221;1\/4 last&#8221;]\n<p><a href=\"https:\/\/www.serkatarim.com.tr\/en\/services\/product-shipping\/\"><img decoding=\"async\" loading=\"lazy\" class=\"size-full wp-image-231 aligncenter\" src=\"http:\/\/www.serkatarim.com.tr\/wp-content\/uploads\/2016\/02\/sevkiyat.jpg\" alt=\"sevkiyat\" width=\"220\" height=\"144\" \/><\/a><\/p>\n<p><a href=\"https:\/\/www.serkatarim.com.tr\/en\/services\/product-shipping\/\"><span style=\"color: #d5a837;\"><strong>PRODUCT SHIPPING<\/strong><\/span><\/a><br \/>\n[divider space_before=&#8221;5&#8243; space_after=&#8221;5&#8243; \/]\nWe ship to all countries in accordance with the expectations of our customers.<\/p>\n[\/column]\n","protected":false},"excerpt":{"rendered":"<p>As SERKA Agriculture; we serve with our mission to become one of the companies that have been growing in the agriculture sector, our ready-made customer network and the sector is growing rapidly; increasing our market share and trading day by day, we aim to be one of the leading companies in this sector. We are<\/p>\n","protected":false},"author":1,"featured_media":671,"parent":0,"menu_order":0,"comment_status":"closed","ping_status":"closed","template":"","meta":[],"yoast_head":"<!-- This site is optimized with the Yoast SEO plugin v19.14 - https:\/\/yoast.com\/wordpress\/plugins\/seo\/ -->\n<title>SERVICES - SERKA Agricultural Products<\/title>\n<meta name=\"description\" content=\"SERKA TARIM; Bu\u011fday, Arpa, M\u0131s\u0131r, Ay\u00e7i\u00e7ek gibi, laboratuvar onayl\u0131, hububat \u00fcr\u00fcnlerinin al\u0131\u015f, sat\u0131\u015f, analiz ve sevkiyat hizmetini ger\u00e7ekle\u015ftirmektedir.\" \/>\n<meta name=\"robots\" content=\"index, follow, max-snippet:-1, max-image-preview:large, max-video-preview:-1\" \/>\n<link rel=\"canonical\" href=\"https:\/\/www.serkatarim.com.tr\/en\/services\/\" \/>\n<meta property=\"og:locale\" content=\"tr_TR\" \/>\n<meta property=\"og:type\" content=\"article\" \/>\n<meta property=\"og:title\" content=\"SERVICES - SERKA Agricultural Products\" \/>\n<meta property=\"og:description\" content=\"SERKA TARIM; Bu\u011fday, Arpa, M\u0131s\u0131r, Ay\u00e7i\u00e7ek gibi, laboratuvar onayl\u0131, hububat \u00fcr\u00fcnlerinin al\u0131\u015f, sat\u0131\u015f, analiz ve sevkiyat hizmetini ger\u00e7ekle\u015ftirmektedir.\" \/>\n<meta property=\"og:url\" content=\"https:\/\/www.serkatarim.com.tr\/en\/services\/\" \/>\n<meta property=\"og:site_name\" content=\"SERKA Agricultural Products\" \/>\n<meta property=\"article:publisher\" content=\"https:\/\/www.facebook.com\/serkatarim\" \/>\n<meta property=\"article:modified_time\" content=\"2023-01-24T15:00:43+00:00\" \/>\n<meta property=\"og:image\" content=\"https:\/\/www.serkatarim.com.tr\/en\/wp-content\/uploads\/2016\/02\/hizmetlerimiz_.jpg\" \/>\n\t<meta property=\"og:image:width\" content=\"652\" \/>\n\t<meta property=\"og:image:height\" content=\"435\" \/>\n\t<meta property=\"og:image:type\" content=\"image\/jpeg\" \/>\n<meta name=\"twitter:card\" content=\"summary_large_image\" \/>\n<meta name=\"twitter:description\" content=\"SERKA TARIM; Bu\u011fday, Arpa, M\u0131s\u0131r, Ay\u00e7i\u00e7ek gibi, laboratuvar onayl\u0131, hububat \u00fcr\u00fcnlerinin al\u0131\u015f, sat\u0131\u015f, analiz ve sevkiyat hizmetini ger\u00e7ekle\u015ftirmektedir.\" \/>\n<meta name=\"twitter:site\" content=\"@serkatarim\" \/>\n<meta name=\"twitter:label1\" content=\"Tahmini okuma s\u00fcresi\" \/>\n\t<meta name=\"twitter:data1\" content=\"1 dakika\" \/>\n<script type=\"application\/ld+json\" class=\"yoast-schema-graph\">{\"@context\":\"https:\/\/schema.org\",\"@graph\":[{\"@type\":\"WebPage\",\"@id\":\"https:\/\/www.serkatarim.com.tr\/en\/services\/\",\"url\":\"https:\/\/www.serkatarim.com.tr\/en\/services\/\",\"name\":\"SERVICES - SERKA Agricultural Products\",\"isPartOf\":{\"@id\":\"https:\/\/www.serkatarim.com.tr\/en\/#website\"},\"datePublished\":\"2016-02-22T17:36:49+00:00\",\"dateModified\":\"2023-01-24T15:00:43+00:00\",\"description\":\"SERKA TARIM; Bu\u011fday, Arpa, M\u0131s\u0131r, Ay\u00e7i\u00e7ek gibi, laboratuvar onayl\u0131, hububat \u00fcr\u00fcnlerinin al\u0131\u015f, sat\u0131\u015f, analiz ve sevkiyat hizmetini ger\u00e7ekle\u015ftirmektedir.\",\"breadcrumb\":{\"@id\":\"https:\/\/www.serkatarim.com.tr\/en\/services\/#breadcrumb\"},\"inLanguage\":\"tr\",\"potentialAction\":[{\"@type\":\"ReadAction\",\"target\":[\"https:\/\/www.serkatarim.com.tr\/en\/services\/\"]}]},{\"@type\":\"BreadcrumbList\",\"@id\":\"https:\/\/www.serkatarim.com.tr\/en\/services\/#breadcrumb\",\"itemListElement\":[{\"@type\":\"ListItem\",\"position\":1,\"name\":\"Ana sayfa\",\"item\":\"https:\/\/www.serkatarim.com.tr\/en\/\"},{\"@type\":\"ListItem\",\"position\":2,\"name\":\"SERVICES\"}]},{\"@type\":\"WebSite\",\"@id\":\"https:\/\/www.serkatarim.com.tr\/en\/#website\",\"url\":\"https:\/\/www.serkatarim.com.tr\/en\/\",\"name\":\"SERKA Agricultural Products\",\"description\":\"Wheat, Barley, Sunflower, Grain Corn Wholesale Trade\",\"potentialAction\":[{\"@type\":\"SearchAction\",\"target\":{\"@type\":\"EntryPoint\",\"urlTemplate\":\"https:\/\/www.serkatarim.com.tr\/en\/?s={search_term_string}\"},\"query-input\":\"required name=search_term_string\"}],\"inLanguage\":\"tr\"}]}<\/script>\n<!-- \/ Yoast SEO plugin. -->","yoast_head_json":{"title":"SERVICES - SERKA Agricultural Products","description":"SERKA TARIM; Bu\u011fday, Arpa, M\u0131s\u0131r, Ay\u00e7i\u00e7ek gibi, laboratuvar onayl\u0131, hububat \u00fcr\u00fcnlerinin al\u0131\u015f, sat\u0131\u015f, analiz ve sevkiyat hizmetini ger\u00e7ekle\u015ftirmektedir.","robots":{"index":"index","follow":"follow","max-snippet":"max-snippet:-1","max-image-preview":"max-image-preview:large","max-video-preview":"max-video-preview:-1"},"canonical":"https:\/\/www.serkatarim.com.tr\/en\/services\/","og_locale":"tr_TR","og_type":"article","og_title":"SERVICES - SERKA Agricultural Products","og_description":"SERKA TARIM; Bu\u011fday, Arpa, M\u0131s\u0131r, Ay\u00e7i\u00e7ek gibi, laboratuvar onayl\u0131, hububat \u00fcr\u00fcnlerinin al\u0131\u015f, sat\u0131\u015f, analiz ve sevkiyat hizmetini ger\u00e7ekle\u015ftirmektedir.","og_url":"https:\/\/www.serkatarim.com.tr\/en\/services\/","og_site_name":"SERKA Agricultural Products","article_publisher":"https:\/\/www.facebook.com\/serkatarim","article_modified_time":"2023-01-24T15:00:43+00:00","og_image":[{"width":652,"height":435,"url":"https:\/\/www.serkatarim.com.tr\/en\/wp-content\/uploads\/2016\/02\/hizmetlerimiz_.jpg","type":"image\/jpeg"}],"twitter_card":"summary_large_image","twitter_description":"SERKA TARIM; Bu\u011fday, Arpa, M\u0131s\u0131r, Ay\u00e7i\u00e7ek gibi, laboratuvar onayl\u0131, hububat \u00fcr\u00fcnlerinin al\u0131\u015f, sat\u0131\u015f, analiz ve sevkiyat hizmetini ger\u00e7ekle\u015ftirmektedir.","twitter_site":"@serkatarim","twitter_misc":{"Tahmini okuma s\u00fcresi":"1 dakika"},"schema":{"@context":"https:\/\/schema.org","@graph":[{"@type":"WebPage","@id":"https:\/\/www.serkatarim.com.tr\/en\/services\/","url":"https:\/\/www.serkatarim.com.tr\/en\/services\/","name":"SERVICES - SERKA Agricultural Products","isPartOf":{"@id":"https:\/\/www.serkatarim.com.tr\/en\/#website"},"datePublished":"2016-02-22T17:36:49+00:00","dateModified":"2023-01-24T15:00:43+00:00","description":"SERKA TARIM; Bu\u011fday, Arpa, M\u0131s\u0131r, Ay\u00e7i\u00e7ek gibi, laboratuvar onayl\u0131, hububat \u00fcr\u00fcnlerinin al\u0131\u015f, sat\u0131\u015f, analiz ve sevkiyat hizmetini ger\u00e7ekle\u015ftirmektedir.","breadcrumb":{"@id":"https:\/\/www.serkatarim.com.tr\/en\/services\/#breadcrumb"},"inLanguage":"tr","potentialAction":[{"@type":"ReadAction","target":["https:\/\/www.serkatarim.com.tr\/en\/services\/"]}]},{"@type":"BreadcrumbList","@id":"https:\/\/www.serkatarim.com.tr\/en\/services\/#breadcrumb","itemListElement":[{"@type":"ListItem","position":1,"name":"Ana sayfa","item":"https:\/\/www.serkatarim.com.tr\/en\/"},{"@type":"ListItem","position":2,"name":"SERVICES"}]},{"@type":"WebSite","@id":"https:\/\/www.serkatarim.com.tr\/en\/#website","url":"https:\/\/www.serkatarim.com.tr\/en\/","name":"SERKA Agricultural Products","description":"Wheat, Barley, Sunflower, Grain Corn Wholesale Trade","potentialAction":[{"@type":"SearchAction","target":{"@type":"EntryPoint","urlTemplate":"https:\/\/www.serkatarim.com.tr\/en\/?s={search_term_string}"},"query-input":"required name=search_term_string"}],"inLanguage":"tr"}]}},"_links":{"self":[{"href":"https:\/\/www.serkatarim.com.tr\/en\/wp-json\/wp\/v2\/pages\/235"}],"collection":[{"href":"https:\/\/www.serkatarim.com.tr\/en\/wp-json\/wp\/v2\/pages"}],"about":[{"href":"https:\/\/www.serkatarim.com.tr\/en\/wp-json\/wp\/v2\/types\/page"}],"author":[{"embeddable":true,"href":"https:\/\/www.serkatarim.com.tr\/en\/wp-json\/wp\/v2\/users\/1"}],"replies":[{"embeddable":true,"href":"https:\/\/www.serkatarim.com.tr\/en\/wp-json\/wp\/v2\/comments?post=235"}],"version-history":[{"count":0,"href":"https:\/\/www.serkatarim.com.tr\/en\/wp-json\/wp\/v2\/pages\/235\/revisions"}],"wp:featuredmedia":[{"embeddable":true,"href":"https:\/\/www.serkatarim.com.tr\/en\/wp-json\/wp\/v2\/media\/671"}],"wp:attachment":[{"href":"https:\/\/www.serkatarim.com.tr\/en\/wp-json\/wp\/v2\/media?parent=235"}],"curies":[{"name":"wp","href":"https:\/\/api.w.org\/{rel}","templated":true}]}}